{"id":85,"date":"2019-01-27T19:19:03","date_gmt":"2019-01-27T18:19:03","guid":{"rendered":"https:\/\/zajazdlider.pl\/?page_id=85"},"modified":"2024-04-11T12:30:03","modified_gmt":"2024-04-11T10:30:03","slug":"sklep","status":"publish","type":"page","link":"https:\/\/zajazdlider.pl\/index.php\/sklep\/","title":{"rendered":"SKLEP"},"content":{"rendered":"<p>[et_pb_section fb_built=&#8221;1&#8243; fullwidth=&#8221;on&#8221; _builder_version=&#8221;4.16&#8243; global_colors_info=&#8221;{}&#8221;][et_pb_fullwidth_header title=&#8221;SKLEP&#8221; text_orientation=&#8221;center&#8221; header_fullscreen=&#8221;on&#8221; header_scroll_down=&#8221;on&#8221; scroll_down_icon_color=&#8221;#ffffff&#8221; _builder_version=&#8221;4.19.2&#8243; title_font_size=&#8221;45px&#8221; background_image=&#8221;https:\/\/zajazdlider.pl\/wp-content\/uploads\/2022\/12\/glowne-w-zakladce-sklep.jpg&#8221; parallax=&#8221;on&#8221; custom_button_one=&#8221;on&#8221; button_one_text_color=&#8221;#ffffff&#8221; button_one_bg_color=&#8221;#e5322d&#8221; button_one_border_color=&#8221;#e5322d&#8221; button_one_icon_color=&#8221;#ffffff&#8221; border_radii=&#8221;on|0px|0px|0px|0px&#8221; box_shadow_style_button_one=&#8221;preset2&#8243; global_colors_info=&#8221;{}&#8221;][\/et_pb_fullwidth_header][\/et_pb_section][et_pb_section fb_built=&#8221;1&#8243; _builder_version=&#8221;4.16&#8243; global_colors_info=&#8221;{}&#8221;][et_pb_row _builder_version=&#8221;4.16&#8243; background_size=&#8221;initial&#8221; background_position=&#8221;top_left&#8221; background_repeat=&#8221;repeat&#8221; global_colors_info=&#8221;{}&#8221;][et_pb_column type=&#8221;4_4&#8243; _builder_version=&#8221;4.16&#8243; custom_padding=&#8221;|||&#8221; global_colors_info=&#8221;{}&#8221; custom_padding__hover=&#8221;|||&#8221;][et_pb_text _builder_version=&#8221;4.16&#8243; text_font_size=&#8221;20px&#8221; global_colors_info=&#8221;{}&#8221;]<\/p>\n<h3>Sklep spo\u017cywczo &#8211; przemys\u0142owy:<\/h3>\n<p>Nasz sklep jest bardzo dobrze zaopatrzony. Na niewielkiej powierzchni zmie\u015bcili\u015bmy wszystkie najpotrzebniejsze produkty. Oferujemy: w\u0119dliny, nabia\u0142, napoje, alkohol, papierosy, s\u0142odycze, kawy i herbaty, warzywa i owoce, lody, konserwy i dania gotowe oraz podstawow\u0105 chemi\u0119 i kosmetyki.<\/p>\n<p>[\/et_pb_text][\/et_pb_column][\/et_pb_row][et_pb_row column_structure=&#8221;1_2,1_2&#8243; _builder_version=&#8221;4.16&#8243; background_size=&#8221;initial&#8221; background_position=&#8221;top_left&#8221; background_repeat=&#8221;repeat&#8221; global_colors_info=&#8221;{}&#8221;][et_pb_column type=&#8221;1_2&#8243; _builder_version=&#8221;4.16&#8243; custom_padding=&#8221;|||&#8221; global_colors_info=&#8221;{}&#8221; custom_padding__hover=&#8221;|||&#8221;][et_pb_text _builder_version=&#8221;4.16&#8243; global_colors_info=&#8221;{}&#8221;]<\/p>\n<h3>SKLEP CZYNNY:<\/h3>\n<p>[\/et_pb_text][et_pb_blurb use_icon=&#8221;on&#8221; font_icon=&#8221;&#x52;||divi||400&#8243; icon_color=&#8221;#d5322e&#8221; icon_placement=&#8221;left&#8221; image_icon_width=&#8221;40px&#8221; _builder_version=&#8221;4.16&#8243; icon_font_size=&#8221;40px&#8221; global_colors_info=&#8221;{}&#8221;]<\/p>\n<h4>od poniedzia\u0142ku do soboty 7:00 &#8211; 20:00<\/h4>\n<p>[\/et_pb_blurb][et_pb_blurb use_icon=&#8221;on&#8221; font_icon=&#8221;&#x52;||divi||400&#8243; icon_color=&#8221;#d5322e&#8221; icon_placement=&#8221;left&#8221; image_icon_width=&#8221;40px&#8221; _builder_version=&#8221;4.16&#8243; icon_font_size=&#8221;40px&#8221; global_colors_info=&#8221;{}&#8221;]<\/p>\n<h4>niedziela handlowa 7:00 &#8211; 20:00<\/h4>\n<p>[\/et_pb_blurb][et_pb_blurb use_icon=&#8221;on&#8221; font_icon=&#8221;&#x52;||divi||400&#8243; icon_color=&#8221;#d5322e&#8221; icon_placement=&#8221;left&#8221; image_icon_width=&#8221;40px&#8221; _builder_version=&#8221;4.24.3&#8243; hover_enabled=&#8221;0&#8243; icon_font_size=&#8221;40px&#8221; global_colors_info=&#8221;{}&#8221; sticky_enabled=&#8221;0&#8243;]<\/p>\n<h4>niedziela niehandlowa 8:00 &#8211; 20:00<\/h4>\n<p>[\/et_pb_blurb][\/et_pb_column][et_pb_column type=&#8221;1_2&#8243; _builder_version=&#8221;4.16&#8243; custom_padding=&#8221;|||&#8221; global_colors_info=&#8221;{}&#8221; custom_padding__hover=&#8221;|||&#8221;][et_pb_image src=&#8221;https:\/\/zajazdlider.pl\/wp-content\/uploads\/2022\/12\/drugie-w-zakladce-sklep.jpg&#8221; title_text=&#8221;drugie w zak\u0142adce sklep&#8221; align_tablet=&#8221;center&#8221; align_phone=&#8221;center&#8221; align_last_edited=&#8221;on|desktop&#8221; _builder_version=&#8221;4.19.2&#8243; custom_css_main_element=&#8221;-webkit-box-shadow: 10px 10px 5px 0px rgba(0,0,0,0.75);||-moz-box-shadow: 10px 10px 5px 0px rgba(0,0,0,0.75);||box-shadow: 10px 10px 5px 0px rgba(0,0,0,0.75);&#8221; global_colors_info=&#8221;{}&#8221;][\/et_pb_image][\/et_pb_column][\/et_pb_row][\/et_pb_section]<\/p>\n","protected":false},"excerpt":{"rendered":"<p>Sklep spo\u017cywczo &#8211; przemys\u0142owy: Nasz sklep jest bardzo dobrze zaopatrzony. Na niewielkiej powierzchni zmie\u015bcili\u015bmy wszystkie najpotrzebniejsze produkty. Oferujemy: w\u0119dliny, nabia\u0142, napoje, alkohol, papierosy, s\u0142odycze, kawy i herbaty, warzywa i owoce, lody, konserwy i dania gotowe oraz podstawow\u0105 chemi\u0119 i kosmetyki. SKLEP CZYNNY: od poniedzia\u0142ku do soboty 7:00 &#8211; 20:00 niedziela handlowa 7:00 &#8211; 20:00 niedziela [&hellip;]<\/p>\n","protected":false},"author":1,"featured_media":0,"parent":0,"menu_order":0,"comment_status":"closed","ping_status":"closed","template":"","meta":{"_et_pb_use_builder":"on","_et_pb_old_content":"","_et_gb_content_width":"","footnotes":""},"class_list":["post-85","page","type-page","status-publish","hentry"],"_links":{"self":[{"href":"https:\/\/zajazdlider.pl\/index.php\/wp-json\/wp\/v2\/pages\/85"}],"collection":[{"href":"https:\/\/zajazdlider.pl\/index.php\/wp-json\/wp\/v2\/pages"}],"about":[{"href":"https:\/\/zajazdlider.pl\/index.php\/wp-json\/wp\/v2\/types\/page"}],"author":[{"embeddable":true,"href":"https:\/\/zajazdlider.pl\/index.php\/wp-json\/wp\/v2\/users\/1"}],"replies":[{"embeddable":true,"href":"https:\/\/zajazdlider.pl\/index.php\/wp-json\/wp\/v2\/comments?post=85"}],"version-history":[{"count":1,"href":"https:\/\/zajazdlider.pl\/index.php\/wp-json\/wp\/v2\/pages\/85\/revisions"}],"predecessor-version":[{"id":228,"href":"https:\/\/zajazdlider.pl\/index.php\/wp-json\/wp\/v2\/pages\/85\/revisions\/228"}],"wp:attachment":[{"href":"https:\/\/zajazdlider.pl\/index.php\/wp-json\/wp\/v2\/media?parent=85"}],"curies":[{"name":"wp","href":"https:\/\/api.w.org\/{rel}","templated":true}]}}