{"id":77,"date":"2019-01-27T19:12:23","date_gmt":"2019-01-27T18:12:23","guid":{"rendered":"https:\/\/zajazdlider.pl\/?page_id=77"},"modified":"2024-04-11T12:29:17","modified_gmt":"2024-04-11T10:29:17","slug":"bar-24h","status":"publish","type":"page","link":"https:\/\/zajazdlider.pl\/index.php\/bar-24h\/","title":{"rendered":"BAR 24H"},"content":{"rendered":"<p>[et_pb_section fb_built=&#8221;1&#8243; fullwidth=&#8221;on&#8221; _builder_version=&#8221;4.16&#8243; global_colors_info=&#8221;{}&#8221;][et_pb_fullwidth_header title=&#8221;BAR 24H&#8221; text_orientation=&#8221;center&#8221; header_fullscreen=&#8221;on&#8221; header_scroll_down=&#8221;on&#8221; scroll_down_icon_color=&#8221;#ffffff&#8221; _builder_version=&#8221;4.19.2&#8243; title_font_size=&#8221;45px&#8221; background_enable_color=&#8221;off&#8221; background_image=&#8221;https:\/\/zajazdlider.pl\/wp-content\/uploads\/2022\/12\/glowne-w-zakladce-bar.jpg&#8221; parallax=&#8221;on&#8221; custom_button_one=&#8221;on&#8221; button_one_text_color=&#8221;#ffffff&#8221; button_one_bg_color=&#8221;#e5322d&#8221; button_one_border_color=&#8221;#e5322d&#8221; button_one_icon_color=&#8221;#ffffff&#8221; border_radii=&#8221;on|0px|0px|0px|0px&#8221; box_shadow_style_button_one=&#8221;preset2&#8243; global_colors_info=&#8221;{}&#8221;][\/et_pb_fullwidth_header][\/et_pb_section][et_pb_section fb_built=&#8221;1&#8243; _builder_version=&#8221;4.16&#8243; global_colors_info=&#8221;{}&#8221;][et_pb_row _builder_version=&#8221;4.16&#8243; background_size=&#8221;initial&#8221; background_position=&#8221;top_left&#8221; background_repeat=&#8221;repeat&#8221; global_colors_info=&#8221;{}&#8221;][et_pb_column type=&#8221;4_4&#8243; _builder_version=&#8221;4.16&#8243; custom_padding=&#8221;|||&#8221; global_colors_info=&#8221;{}&#8221; custom_padding__hover=&#8221;|||&#8221;][et_pb_text _builder_version=&#8221;4.16&#8243; text_font_size=&#8221;20px&#8221; global_colors_info=&#8221;{}&#8221;]<\/p>\n<p style=\"text-align: center;\">Zapraszamy do du\u017cej, klimatyzowanej sali barowej gdzie przez ca\u0142\u0105 dob\u0119 serwujemy dania kuchni polskiej. Pyszne jedzenie, du\u017ce porcje i niskie ceny sprawiaj\u0105, \u017ce grono naszych Go\u015bci stale si\u0119 powi\u0119ksza. Opr\u00f3cz sta\u0142ego menu od poniedzia\u0142ku do pi\u0105tku zapraszamy na danie dnia (zupa + drugie danie) za 25z\u0142.\u00a0<\/p>\n<p>[\/et_pb_text][\/et_pb_column][\/et_pb_row][et_pb_row column_structure=&#8221;1_2,1_2&#8243; _builder_version=&#8221;4.19.2&#8243; background_size=&#8221;initial&#8221; background_position=&#8221;top_left&#8221; background_repeat=&#8221;repeat&#8221; global_colors_info=&#8221;{}&#8221;][et_pb_column type=&#8221;1_2&#8243; _builder_version=&#8221;4.16&#8243; custom_padding=&#8221;|||&#8221; global_colors_info=&#8221;{}&#8221; custom_padding__hover=&#8221;|||&#8221;][et_pb_text _builder_version=&#8221;4.24.3&#8243; text_font=&#8221;Roboto||||||||&#8221; text_font_size=&#8221;20px&#8221; custom_padding=&#8221;25px|25px|25px|25px|true|true&#8221; hover_enabled=&#8221;0&#8243; box_shadow_style=&#8221;preset2&#8243; global_colors_info=&#8221;{}&#8221; sticky_enabled=&#8221;0&#8243;]<\/p>\n<p><strong>ZUPY<\/strong><\/p>\n<ul>\n<li>FLAKI WO\u0141OWE 300G 15,00<\/li>\n<li>\u017bUREK 300G 13,00<\/li>\n<li>FASOLKA PO BRETO\u0143SKU 250G 12,00<\/li>\n<li>GULASZOWA 250G 12,00<\/li>\n<li>SOLANKA 250G 11,00<\/li>\n<li>POMIDOROWA 250G 10,00<\/li>\n<li>ROS\u00d3\u0141 250G 9,00<\/li>\n<\/ul>\n<p>[\/et_pb_text][et_pb_text _builder_version=&#8221;4.24.3&#8243; text_font=&#8221;Roboto||||||||&#8221; text_font_size=&#8221;20px&#8221; custom_padding=&#8221;25px|25px|25px|25px|true|true&#8221; hover_enabled=&#8221;0&#8243; box_shadow_style=&#8221;preset2&#8243; global_colors_info=&#8221;{}&#8221; sticky_enabled=&#8221;0&#8243;]<\/p>\n<p><strong>DODATKI<\/strong><\/p>\n<ul>\n<li>ZIEMNIAKI 200G 4,00<\/li>\n<li>FRYTKI 150G 8,00<\/li>\n<li>KASZA GRYCZANA 200G 4,00<\/li>\n<li>RY\u017b 200G 4,00<\/li>\n<li>MAKARON 200G 4,00<\/li>\n<li>KLUSKI \u015aL\u0104SKIE, KOPYTKA 200G 5,00<\/li>\n<li>ZESTAW SUR\u00d3WEK 150G 6,00<\/li>\n<li>MIZERIA 100G 5,00<\/li>\n<li>OG\u00d3REK KISZONY 100G 4,00<\/li>\n<li>PIECZARKI DUSZONE 150G 5,00<\/li>\n<li>BURACZKI ZASMA\u017bANE 150G 5,00<\/li>\n<li>PIECZYWO 100G 1,50<\/li>\n<\/ul>\n<p>[\/et_pb_text][\/et_pb_column][et_pb_column type=&#8221;1_2&#8243; _builder_version=&#8221;4.16&#8243; custom_padding=&#8221;|||&#8221; global_colors_info=&#8221;{}&#8221; custom_padding__hover=&#8221;|||&#8221;][et_pb_text _builder_version=&#8221;4.24.3&#8243; text_font=&#8221;Roboto||||||||&#8221; text_font_size=&#8221;20px&#8221; custom_padding=&#8221;25px|25px|25px|25px|true|true&#8221; hover_enabled=&#8221;0&#8243; box_shadow_style=&#8221;preset2&#8243; global_colors_info=&#8221;{}&#8221; sticky_enabled=&#8221;0&#8243;]<\/p>\n<p><strong>DANIA GOR\u0104CE<\/strong><\/p>\n<ul>\n<li>GOLONKA 100G 6,00<\/li>\n<li>KOTLET SCHABOWY 130G 16,00<\/li>\n<li>KOTLET SZEFA 150G 19,00<\/li>\n<li>KOTLET PO KR\u00d3LEWSKU 150G 19,00<\/li>\n<li>KOTLET PO WIEDE\u0143SKU 150G 19,00<\/li>\n<li>KOTLET DE VOLAILLE 120G 17,00<\/li>\n<li>KOTLET MIELONY 100G 12,00<\/li>\n<li>\u015aWIE\u017bONKA 150G 18,00<\/li>\n<li>\u017bEBERKO 150G 16,00<\/li>\n<li>PIECZE\u0143 100G 16,00<\/li>\n<li>POL\u0118DWICZKI DROBIOWE 150G 17,00<\/li>\n<li>OZORY W SOSIE CHRZANOWYM 100G 17,00<\/li>\n<li>PIEROGI Z MI\u0118SEM 200G 15,00<\/li>\n<li>KIE\u0141BASA SMA\u017bONA 150G 12,00<\/li>\n<li>HAMBURGER 1SZT. 7,00<\/li>\n<\/ul>\n<p>[\/et_pb_text][et_pb_text _builder_version=&#8221;4.24.3&#8243; text_font=&#8221;Roboto||||||||&#8221; text_font_size=&#8221;20px&#8221; custom_padding=&#8221;25px|25px|25px|25px|true|true&#8221; hover_enabled=&#8221;0&#8243; box_shadow_style=&#8221;preset2&#8243; global_colors_info=&#8221;{}&#8221; sticky_enabled=&#8221;0&#8243;]<\/p>\n<p><strong>\u015aNIADANIA<\/strong><\/p>\n<p>ZESTAW 1 \u2013 JAJECZNICA Z 3 JAJ, POMIDOR, PIECZYWO, MAS\u0141O 300g 18,00<\/p>\n<p>ZESTAW 2 \u2013 2 JAJA SADZONE Z KIE\u0141BAS\u0104, OG\u00d3REK, PIECZYWO, MAS\u0141O 300g 20,00<\/p>\n<p>ZESTAW 3 \u2013 3 PAR\u00d3WKI, KETCHUP, MUSZTARDA, PIECZYWO, MAS\u0141O 220g 16,00<\/p>\n<p>ZESTAW 4 \u2013 3 NALE\u015aNIKI Z SEREM LUB D\u017bEMEM 270g 15,00<\/p>\n<p>WYPASIONE \u015aNIADANIE \u2013 JAJECZNICA Z 2 JAJ, 2 PAR\u00d3WKI, WARZYWA,<\/p>\n<p><a name=\"Bookmark\"><\/a> MAS\u0141O, PIECZYWO, KETCHUP, MUSZTARDA, HERBATA 350g 30,00<\/p>\n<p>[\/et_pb_text][\/et_pb_column][\/et_pb_row][\/et_pb_section][et_pb_section fb_built=&#8221;1&#8243; fullwidth=&#8221;on&#8221; _builder_version=&#8221;4.16&#8243; global_colors_info=&#8221;{}&#8221;][et_pb_fullwidth_slider show_arrows=&#8221;off&#8221; show_pagination=&#8221;off&#8221; _builder_version=&#8221;4.19.2&#8243; global_colors_info=&#8221;{}&#8221;][et_pb_slide use_bg_overlay=&#8221;off&#8221; use_text_overlay=&#8221;on&#8221; text_overlay_color=&#8221;rgba(0,0,0,0.15)&#8221; _builder_version=&#8221;4.19.2&#8243; header_level=&#8221;h1&#8243; header_font=&#8221;Verdana||||||||&#8221; body_font=&#8221;Verdana||||||||&#8221; body_font_size=&#8221;35px&#8221; body_line_height=&#8221;1.2em&#8221; background_image=&#8221;https:\/\/zajazdlider.pl\/wp-content\/uploads\/2019\/01\/sausage-761714_1280.jpg&#8221; parallax=&#8221;on&#8221; button_on_hover=&#8221;on&#8221; global_colors_info=&#8221;{}&#8221; sticky_transition=&#8221;on&#8221;]<\/p>\n<p style=\"text-align: center;\">W naszym barze jest r\u00f3wnie\u017c mo\u017cliwo\u015b\u0107 zam\u00f3wienia<br \/>da\u0144 na wynos lub z dowozem. Dowozimy dania od<br \/>poniedzia\u0142ku do pi\u0105tku w godzinach <span>8:00 do 22:00<\/span>.\u00a0<\/p>\n<p>[\/et_pb_slide][\/et_pb_fullwidth_slider][\/et_pb_section]<\/p>\n","protected":false},"excerpt":{"rendered":"<p>Zapraszamy do du\u017cej, klimatyzowanej sali barowej gdzie przez ca\u0142\u0105 dob\u0119 serwujemy dania kuchni polskiej. Pyszne jedzenie, du\u017ce porcje i niskie ceny sprawiaj\u0105, \u017ce grono naszych Go\u015bci stale si\u0119 powi\u0119ksza. Opr\u00f3cz sta\u0142ego menu od poniedzia\u0142ku do pi\u0105tku zapraszamy na danie dnia (zupa + drugie danie) za 25z\u0142.\u00a0ZUPY FLAKI WO\u0141OWE 300G 15,00 \u017bUREK 300G 13,00 FASOLKA PO [&hellip;]<\/p>\n","protected":false},"author":1,"featured_media":0,"parent":0,"menu_order":0,"comment_status":"closed","ping_status":"closed","template":"","meta":{"_et_pb_use_builder":"on","_et_pb_old_content":"","_et_gb_content_width":"","footnotes":""},"class_list":["post-77","page","type-page","status-publish","hentry"],"_links":{"self":[{"href":"https:\/\/zajazdlider.pl\/index.php\/wp-json\/wp\/v2\/pages\/77"}],"collection":[{"href":"https:\/\/zajazdlider.pl\/index.php\/wp-json\/wp\/v2\/pages"}],"about":[{"href":"https:\/\/zajazdlider.pl\/index.php\/wp-json\/wp\/v2\/types\/page"}],"author":[{"embeddable":true,"href":"https:\/\/zajazdlider.pl\/index.php\/wp-json\/wp\/v2\/users\/1"}],"replies":[{"embeddable":true,"href":"https:\/\/zajazdlider.pl\/index.php\/wp-json\/wp\/v2\/comments?post=77"}],"version-history":[{"count":1,"href":"https:\/\/zajazdlider.pl\/index.php\/wp-json\/wp\/v2\/pages\/77\/revisions"}],"predecessor-version":[{"id":227,"href":"https:\/\/zajazdlider.pl\/index.php\/wp-json\/wp\/v2\/pages\/77\/revisions\/227"}],"wp:attachment":[{"href":"https:\/\/zajazdlider.pl\/index.php\/wp-json\/wp\/v2\/media?parent=77"}],"curies":[{"name":"wp","href":"https:\/\/api.w.org\/{rel}","templated":true}]}}