{"id":6,"date":"2019-01-25T13:03:13","date_gmt":"2019-01-25T12:03:13","guid":{"rendered":"https:\/\/zajazdlider.pl\/?page_id=6"},"modified":"2022-12-10T09:54:49","modified_gmt":"2022-12-10T08:54:49","slug":"start","status":"publish","type":"page","link":"https:\/\/zajazdlider.pl\/","title":{"rendered":"STRONA G\u0141\u00d3WNA"},"content":{"rendered":"<p>[et_pb_section fb_built=&#8221;1&#8243; fullwidth=&#8221;on&#8221; _builder_version=&#8221;4.16&#8243; global_colors_info=&#8221;{}&#8221;][et_pb_fullwidth_header title=&#8221;ZAJAZD LIDER&#8221; text_orientation=&#8221;center&#8221; header_fullscreen=&#8221;on&#8221; header_scroll_down=&#8221;on&#8221; scroll_down_icon_color=&#8221;#ffffff&#8221; button_one_text=&#8221;Zobacz nasz\u0105 ofert\u0119&#8221; _builder_version=&#8221;4.19.2&#8243; title_font_size=&#8221;45px&#8221; background_image=&#8221;https:\/\/zajazdlider.pl\/wp-content\/uploads\/2022\/12\/glowne-na-stronie-glownej.jpg&#8221; parallax=&#8221;on&#8221; custom_button_one=&#8221;on&#8221; button_one_text_color=&#8221;#ffffff&#8221; button_one_bg_color=&#8221;#e5322d&#8221; button_one_border_color=&#8221;#e5322d&#8221; button_one_icon_color=&#8221;#ffffff&#8221; hover_enabled=&#8221;0&#8243; border_radii=&#8221;on|0px|0px|0px|0px&#8221; box_shadow_style_button_one=&#8221;preset2&#8243; global_colors_info=&#8221;{}&#8221; background_enable_color=&#8221;off&#8221; title_text=&#8221;g\u0142\u00f3wne na stronie g\u0142\u00f3wnej&#8221; sticky_enabled=&#8221;0&#8243;][\/et_pb_fullwidth_header][\/et_pb_section][et_pb_section fb_built=&#8221;1&#8243; _builder_version=&#8221;4.16&#8243; global_colors_info=&#8221;{}&#8221;][et_pb_row column_structure=&#8221;1_4,1_4,1_4,1_4&#8243; module_class=&#8221; et_pb_row_fullwidth&#8221; _builder_version=&#8221;4.16&#8243; width=&#8221;89%&#8221; width_tablet=&#8221;80%&#8221; width_phone=&#8221;80%&#8221; width_last_edited=&#8221;on|desktop&#8221; max_width=&#8221;89%&#8221; max_width_tablet=&#8221;80%&#8221; max_width_phone=&#8221;80%&#8221; max_width_last_edited=&#8221;on|desktop&#8221; make_fullwidth=&#8221;on&#8221; global_colors_info=&#8221;{}&#8221;][et_pb_column type=&#8221;1_4&#8243; _builder_version=&#8221;4.16&#8243; custom_padding=&#8221;|||&#8221; global_colors_info=&#8221;{}&#8221; custom_padding__hover=&#8221;|||&#8221;][et_pb_blurb title=&#8221;Pokoje&#8221; image=&#8221;https:\/\/zajazdlider.pl\/wp-content\/uploads\/2019\/01\/001-hotel.png&#8221; _builder_version=&#8221;4.16&#8243; header_level=&#8221;h2&#8243; header_font_size=&#8221;20&#8243; body_font_size=&#8221;17&#8243; text_orientation=&#8221;center&#8221; global_colors_info=&#8221;{}&#8221;]<\/p>\n<p style=\"text-align: center;\">Oferujemy 49 miejsc<br \/>noclegowych w 22 wygodnych<br \/>i komfortowych pokojach.<\/p>\n<p>[\/et_pb_blurb][\/et_pb_column][et_pb_column type=&#8221;1_4&#8243; _builder_version=&#8221;4.16&#8243; custom_padding=&#8221;|||&#8221; global_colors_info=&#8221;{}&#8221; custom_padding__hover=&#8221;|||&#8221;][et_pb_blurb title=&#8221;Bar&#8221; image=&#8221;https:\/\/zajazdlider.pl\/wp-content\/uploads\/2019\/01\/004-food.png&#8221; _builder_version=&#8221;4.16&#8243; header_level=&#8221;h2&#8243; header_font_size=&#8221;20&#8243; body_font_size=&#8221;17&#8243; text_orientation=&#8221;center&#8221; global_colors_info=&#8221;{}&#8221;]<\/p>\n<p style=\"text-align: center;\">Zapraszamy do du\u017cej, <br \/>klimatyzowanej sali barowej<br \/>gdzie przez ca\u0142\u0105 dob\u0119<br \/>serwujemy dania kuchni polskiej.<\/p>\n<p>[\/et_pb_blurb][\/et_pb_column][et_pb_column type=&#8221;1_4&#8243; _builder_version=&#8221;4.16&#8243; custom_padding=&#8221;|||&#8221; global_colors_info=&#8221;{}&#8221; custom_padding__hover=&#8221;|||&#8221;][et_pb_blurb title=&#8221;Sklep&#8221; image=&#8221;https:\/\/zajazdlider.pl\/wp-content\/uploads\/2019\/01\/003-shop.png&#8221; _builder_version=&#8221;4.16&#8243; header_level=&#8221;h2&#8243; header_font_size=&#8221;20&#8243; body_font_size=&#8221;17&#8243; text_orientation=&#8221;center&#8221; global_colors_info=&#8221;{}&#8221;]<\/p>\n<p style=\"text-align: center;\">Nasz sklep jest bardzo dobrze zaopatrzony.<br \/>Na niewielkiej powierzchni zmie\u015bcili\u015bmy<br \/>wszystkie najpotrzebniejsze produkty.<\/p>\n<p>[\/et_pb_blurb][\/et_pb_column][et_pb_column type=&#8221;1_4&#8243; _builder_version=&#8221;4.16&#8243; custom_padding=&#8221;|||&#8221; global_colors_info=&#8221;{}&#8221; custom_padding__hover=&#8221;|||&#8221;][et_pb_blurb title=&#8221;Parking&#8221; image=&#8221;https:\/\/zajazdlider.pl\/wp-content\/uploads\/2019\/01\/002-car.png&#8221; _builder_version=&#8221;4.16&#8243; header_level=&#8221;h2&#8243; header_font_size=&#8221;20&#8243; body_font_size=&#8221;17&#8243; text_orientation=&#8221;center&#8221; global_colors_info=&#8221;{}&#8221;]<\/p>\n<p style=\"text-align: center;\">Nasz du\u017cy i przestronny parking pomie\u015bci ok. 80\u00a0tir\u00f3w.<\/p>\n<p>[\/et_pb_blurb][\/et_pb_column][\/et_pb_row][\/et_pb_section][et_pb_section fb_built=&#8221;1&#8243; fullwidth=&#8221;on&#8221; _builder_version=&#8221;4.16&#8243; global_colors_info=&#8221;{}&#8221;][et_pb_fullwidth_slider show_arrows=&#8221;off&#8221; show_pagination=&#8221;off&#8221; _builder_version=&#8221;4.19.2&#8243; global_colors_info=&#8221;{}&#8221;][et_pb_slide heading=&#8221;SZYBKO SMACZNIE TANIO&#8221; use_bg_overlay=&#8221;off&#8221; use_text_overlay=&#8221;on&#8221; text_overlay_color=&#8221;rgba(0,0,0,0.1)&#8221; _builder_version=&#8221;4.19.2&#8243; header_level=&#8221;h2&#8243; body_font_size=&#8221;46px&#8221; background_image=&#8221;https:\/\/zajazdlider.pl\/wp-content\/uploads\/2019\/01\/Fotolia_71372031_XXL.jpg&#8221; parallax=&#8221;on&#8221; button_on_hover=&#8221;on&#8221; button_alignment=&#8221;center&#8221; global_colors_info=&#8221;{}&#8221; sticky_transition=&#8221;on&#8221;] NA MIEJSCU NA WYNOS Z DOWOZEM[\/et_pb_slide][\/et_pb_fullwidth_slider][\/et_pb_section][et_pb_section fb_built=&#8221;1&#8243; _builder_version=&#8221;4.16&#8243; global_colors_info=&#8221;{}&#8221;][et_pb_row _builder_version=&#8221;4.16&#8243; background_size=&#8221;initial&#8221; background_position=&#8221;top_left&#8221; background_repeat=&#8221;repeat&#8221; global_colors_info=&#8221;{}&#8221;][et_pb_column type=&#8221;4_4&#8243; _builder_version=&#8221;4.16&#8243; custom_padding=&#8221;|||&#8221; global_colors_info=&#8221;{}&#8221; custom_padding__hover=&#8221;|||&#8221;][et_pb_text _builder_version=&#8221;4.16&#8243; global_colors_info=&#8221;{}&#8221;]<\/p>\n<h2 style=\"text-align: center;\">Dojazd do zajazdu:<\/h2>\n<h4 style=\"text-align: center;\">Nasz obiekt po\u0142o\u017cony jest przy drodze krajowej\u00a092\u00a0(wcze\u015bniej trasa A2)<br \/>500m od zjazdu z Autostrady Wolno\u015bci (w\u0119ze\u0142 Ryczo\u0142ek).<\/h4>\n<p>[\/et_pb_text][\/et_pb_column][\/et_pb_row][\/et_pb_section][et_pb_section fb_built=&#8221;1&#8243; fullwidth=&#8221;on&#8221; _builder_version=&#8221;4.16&#8243; global_colors_info=&#8221;{}&#8221;][et_pb_fullwidth_code _builder_version=&#8221;4.16&#8243; global_colors_info=&#8221;{}&#8221;]<iframe loading=\"lazy\" src=\"https:\/\/www.google.com\/maps\/embed?pb=!1m18!1m12!1m3!1d2445.5447701535486!2d21.756668715047038!3d52.19714696785863!2m3!1f0!2f0!3f0!3m2!1i1024!2i768!4f13.1!3m3!1m2!1s0x471f31aabdb48057%3A0x578fcdc12b69a1bf!2sZajazd+Lider+Bar+Sklep+Noclegi!5e0!3m2!1spl!2spl!4v1548610417789\" width=\"100%\" height=\"450\" frameborder=\"0\" style=\"border:0\" allowfullscreen><\/iframe>[\/et_pb_fullwidth_code][\/et_pb_section]<\/p>\n","protected":false},"excerpt":{"rendered":"<p>Oferujemy 49 miejscnoclegowych w 22 wygodnychi komfortowych pokojach. Zapraszamy do du\u017cej, klimatyzowanej sali barowejgdzie przez ca\u0142\u0105 dob\u0119serwujemy dania kuchni polskiej. Nasz sklep jest bardzo dobrze zaopatrzony.Na niewielkiej powierzchni zmie\u015bcili\u015bmywszystkie najpotrzebniejsze produkty. Nasz du\u017cy i przestronny parking pomie\u015bci ok. 80\u00a0tir\u00f3w. NA MIEJSCU NA WYNOS Z DOWOZEMDojazd do zajazdu: Nasz obiekt po\u0142o\u017cony jest przy drodze krajowej\u00a092\u00a0(wcze\u015bniej trasa [&hellip;]<\/p>\n","protected":false},"author":1,"featured_media":0,"parent":0,"menu_order":0,"comment_status":"closed","ping_status":"closed","template":"","meta":{"_et_pb_use_builder":"on","_et_pb_old_content":"","_et_gb_content_width":"","footnotes":""},"class_list":["post-6","page","type-page","status-publish","hentry"],"_links":{"self":[{"href":"https:\/\/zajazdlider.pl\/index.php\/wp-json\/wp\/v2\/pages\/6"}],"collection":[{"href":"https:\/\/zajazdlider.pl\/index.php\/wp-json\/wp\/v2\/pages"}],"about":[{"href":"https:\/\/zajazdlider.pl\/index.php\/wp-json\/wp\/v2\/types\/page"}],"author":[{"embeddable":true,"href":"https:\/\/zajazdlider.pl\/index.php\/wp-json\/wp\/v2\/users\/1"}],"replies":[{"embeddable":true,"href":"https:\/\/zajazdlider.pl\/index.php\/wp-json\/wp\/v2\/comments?post=6"}],"version-history":[{"count":0,"href":"https:\/\/zajazdlider.pl\/index.php\/wp-json\/wp\/v2\/pages\/6\/revisions"}],"wp:attachment":[{"href":"https:\/\/zajazdlider.pl\/index.php\/wp-json\/wp\/v2\/media?parent=6"}],"curies":[{"name":"wp","href":"https:\/\/api.w.org\/{rel}","templated":true}]}}