{"id":47,"date":"2019-01-27T18:41:10","date_gmt":"2019-01-27T17:41:10","guid":{"rendered":"https:\/\/zajazdlider.pl\/?page_id=47"},"modified":"2024-04-11T12:26:08","modified_gmt":"2024-04-11T10:26:08","slug":"pokoje","status":"publish","type":"page","link":"https:\/\/zajazdlider.pl\/index.php\/pokoje\/","title":{"rendered":"POKOJE"},"content":{"rendered":"<p>[et_pb_section fb_built=&#8221;1&#8243; fullwidth=&#8221;on&#8221; _builder_version=&#8221;4.16&#8243; global_colors_info=&#8221;{}&#8221;][et_pb_fullwidth_header title=&#8221;POKOJE&#8221; text_orientation=&#8221;center&#8221; header_fullscreen=&#8221;on&#8221; header_scroll_down=&#8221;on&#8221; scroll_down_icon_color=&#8221;#ffffff&#8221; _builder_version=&#8221;4.19.2&#8243; title_font_size=&#8221;45px&#8221; background_enable_color=&#8221;off&#8221; background_image=&#8221;https:\/\/zajazdlider.pl\/wp-content\/uploads\/2022\/12\/glowne-w-zakladce-pokoje-i-zakl.-pokoje-1-scaled.jpg&#8221; parallax=&#8221;on&#8221; custom_button_one=&#8221;on&#8221; button_one_text_color=&#8221;#ffffff&#8221; button_one_bg_color=&#8221;#e5322d&#8221; button_one_border_color=&#8221;#e5322d&#8221; button_one_icon_color=&#8221;#ffffff&#8221; border_radii=&#8221;on|0px|0px|0px|0px&#8221; box_shadow_style_button_one=&#8221;preset2&#8243; global_colors_info=&#8221;{}&#8221;][\/et_pb_fullwidth_header][\/et_pb_section][et_pb_section fb_built=&#8221;1&#8243; _builder_version=&#8221;4.16&#8243; custom_padding=&#8221;||0px|||&#8221; global_colors_info=&#8221;{}&#8221;][et_pb_row column_structure=&#8221;3_5,2_5&#8243; _builder_version=&#8221;4.16&#8243; background_size=&#8221;initial&#8221; background_position=&#8221;top_left&#8221; background_repeat=&#8221;repeat&#8221; global_colors_info=&#8221;{}&#8221;][et_pb_column type=&#8221;3_5&#8243; _builder_version=&#8221;4.16&#8243; custom_padding=&#8221;|||&#8221; global_colors_info=&#8221;{}&#8221; custom_padding__hover=&#8221;|||&#8221;][et_pb_text _builder_version=&#8221;4.16&#8243; text_font_size=&#8221;22px&#8221; custom_margin=&#8221;25px|||&#8221; global_colors_info=&#8221;{}&#8221;]<\/p>\n<p style=\"text-align: center;\">Oferujemy 49 miejsc noclegowych w 22 wygodnych<br \/>i komfortowych pokojach. W naszym obiekcie znajduj\u0105 si\u0119<br \/>pokoje 2-osobowe i 3-osobowe. W ka\u017cdym pokoju jest<br \/>\u0142azienka z prysznicem, telewizor oraz darmowy<br \/>internet Wi &#8211; Fi.\u00a0<\/p>\n<p>[\/et_pb_text][\/et_pb_column][et_pb_column type=&#8221;2_5&#8243; _builder_version=&#8221;4.16&#8243; custom_padding=&#8221;|||&#8221; global_colors_info=&#8221;{}&#8221; custom_padding__hover=&#8221;|||&#8221;][et_pb_image src=&#8221;https:\/\/zajazdlider.pl\/wp-content\/uploads\/2024\/04\/4-1.jpg&#8221; title_text=&#8221;4 (1)&#8221; align=&#8221;center&#8221; align_tablet=&#8221;center&#8221; align_phone=&#8221;center&#8221; align_last_edited=&#8221;on|desktop&#8221; _builder_version=&#8221;4.24.3&#8243; hover_enabled=&#8221;0&#8243; custom_css_main_element=&#8221;-webkit-box-shadow: 10px 10px 5px 0px rgba(0,0,0,0.75);||-moz-box-shadow: 10px 10px 5px 0px rgba(0,0,0,0.75);||box-shadow: 10px 10px 5px 0px rgba(0,0,0,0.75);&#8221; global_colors_info=&#8221;{}&#8221; sticky_enabled=&#8221;0&#8243;][\/et_pb_image][\/et_pb_column][\/et_pb_row][\/et_pb_section][et_pb_section fb_built=&#8221;1&#8243; _builder_version=&#8221;4.16&#8243; custom_padding=&#8221;0px|||||&#8221; global_colors_info=&#8221;{}&#8221;][et_pb_row _builder_version=&#8221;4.19.2&#8243; background_size=&#8221;initial&#8221; background_position=&#8221;top_left&#8221; background_repeat=&#8221;repeat&#8221; global_colors_info=&#8221;{}&#8221;][et_pb_column type=&#8221;4_4&#8243; _builder_version=&#8221;4.16&#8243; custom_padding=&#8221;|||&#8221; global_colors_info=&#8221;{}&#8221; custom_padding__hover=&#8221;|||&#8221;][et_pb_text _builder_version=&#8221;4.19.2&#8243; global_colors_info=&#8221;{}&#8221;]<\/p>\n<table style=\"height: 162px;\" width=\"433\">\n<tbody align=\"center\">\n<tr>\n<td width=\"170\">\n<p style=\"text-align: center;\">POK\u00d3J 1-OSOBOWY<\/p>\n<\/td>\n<td style=\"text-align: center;\" width=\"85\">\n<p style=\"text-align: center;\">120Z\u0141<\/p>\n<\/td>\n<\/tr>\n<tr>\n<td width=\"170\">\n<p style=\"text-align: center;\">POK\u00d3J 2-OSOBOWY<\/p>\n<\/td>\n<td width=\"85\">\n<p style=\"text-align: center;\">170Z\u0141<\/p>\n<\/td>\n<\/tr>\n<tr>\n<td style=\"text-align: center;\" width=\"170\">POK\u00d3J 3-OSOBOWY<\/td>\n<td width=\"85\">\n<p style=\"text-align: center;\">220Z\u0141<\/p>\n<\/td>\n<\/tr>\n<\/tbody>\n<\/table>\n<p>[\/et_pb_text][\/et_pb_column][\/et_pb_row][et_pb_row column_structure=&#8221;1_2,1_2&#8243; _builder_version=&#8221;4.16&#8243; background_size=&#8221;initial&#8221; background_position=&#8221;top_left&#8221; background_repeat=&#8221;repeat&#8221; global_colors_info=&#8221;{}&#8221;][et_pb_column type=&#8221;1_2&#8243; _builder_version=&#8221;4.16&#8243; custom_padding=&#8221;|||&#8221; global_colors_info=&#8221;{}&#8221; custom_padding__hover=&#8221;|||&#8221;][et_pb_image src=&#8221;https:\/\/zajazdlider.pl\/wp-content\/uploads\/2024\/04\/3-1.jpg&#8221; title_text=&#8221;3 (1)&#8221; align=&#8221;center&#8221; align_tablet=&#8221;center&#8221; align_phone=&#8221;center&#8221; align_last_edited=&#8221;on|desktop&#8221; _builder_version=&#8221;4.24.3&#8243; hover_enabled=&#8221;0&#8243; custom_css_main_element=&#8221;-webkit-box-shadow: 10px 10px 5px 0px rgba(0,0,0,0.75);||-moz-box-shadow: 10px 10px 5px 0px rgba(0,0,0,0.75);||box-shadow: 10px 10px 5px 0px rgba(0,0,0,0.75);&#8221; global_colors_info=&#8221;{}&#8221; sticky_enabled=&#8221;0&#8243;][\/et_pb_image][\/et_pb_column][et_pb_column type=&#8221;1_2&#8243; _builder_version=&#8221;4.16&#8243; custom_padding=&#8221;|||&#8221; global_colors_info=&#8221;{}&#8221; custom_padding__hover=&#8221;|||&#8221;][et_pb_text _builder_version=&#8221;4.16&#8243; text_font_size=&#8221;20px&#8221; global_colors_info=&#8221;{}&#8221;]<\/p>\n<p><span>Cena nie obejmuje \u015bniadania<br \/><\/span>Do dyspozycji Go\u015bci jest du\u017cy, bezp\u0142atny parking.<br \/>Doba hotelowa od 14:00 do 12:00<br \/>Ceny zawieraj\u0105 podatek VAT<br \/>Przy d\u0142u\u017cszym pobycie lub grupie zorganizowanej mo\u017cliwa jest negocjacja cen.\u00a0<\/p>\n<p>[\/et_pb_text][\/et_pb_column][\/et_pb_row][et_pb_row module_class=&#8221; et_pb_row_fullwidth&#8221; _builder_version=&#8221;4.16&#8243; width=&#8221;89%&#8221; width_tablet=&#8221;80%&#8221; width_phone=&#8221;80%&#8221; width_last_edited=&#8221;on|desktop&#8221; max_width=&#8221;89%&#8221; max_width_tablet=&#8221;80%&#8221; max_width_phone=&#8221;80%&#8221; max_width_last_edited=&#8221;on|desktop&#8221; make_fullwidth=&#8221;on&#8221; global_colors_info=&#8221;{}&#8221;][et_pb_column type=&#8221;4_4&#8243; _builder_version=&#8221;4.16&#8243; custom_padding=&#8221;|||&#8221; global_colors_info=&#8221;{}&#8221; custom_padding__hover=&#8221;|||&#8221;][et_pb_gallery posts_number=&#8221;6&#8243; show_title_and_caption=&#8221;off&#8221; show_pagination=&#8221;off&#8221; _builder_version=&#8221;4.24.3&#8243; hover_enabled=&#8221;0&#8243; global_colors_info=&#8221;{}&#8221; gallery_ids=&#8221;222,223,224,225&#8243; sticky_enabled=&#8221;0&#8243;][\/et_pb_gallery][\/et_pb_column][\/et_pb_row][\/et_pb_section]<\/p>\n","protected":false},"excerpt":{"rendered":"<p>Oferujemy 49 miejsc noclegowych w 22 wygodnychi komfortowych pokojach. W naszym obiekcie znajduj\u0105 si\u0119pokoje 2-osobowe i 3-osobowe. W ka\u017cdym pokoju jest\u0142azienka z prysznicem, telewizor oraz darmowyinternet Wi &#8211; Fi.\u00a0 POK\u00d3J 1-OSOBOWY 120Z\u0141 POK\u00d3J 2-OSOBOWY 170Z\u0141 POK\u00d3J 3-OSOBOWY 220Z\u0141 Cena nie obejmuje \u015bniadaniaDo dyspozycji Go\u015bci jest du\u017cy, bezp\u0142atny parking.Doba hotelowa od 14:00 do 12:00Ceny zawieraj\u0105 podatek [&hellip;]<\/p>\n","protected":false},"author":1,"featured_media":0,"parent":0,"menu_order":0,"comment_status":"closed","ping_status":"closed","template":"","meta":{"_et_pb_use_builder":"on","_et_pb_old_content":"","_et_gb_content_width":"","footnotes":""},"class_list":["post-47","page","type-page","status-publish","hentry"],"_links":{"self":[{"href":"https:\/\/zajazdlider.pl\/index.php\/wp-json\/wp\/v2\/pages\/47"}],"collection":[{"href":"https:\/\/zajazdlider.pl\/index.php\/wp-json\/wp\/v2\/pages"}],"about":[{"href":"https:\/\/zajazdlider.pl\/index.php\/wp-json\/wp\/v2\/types\/page"}],"author":[{"embeddable":true,"href":"https:\/\/zajazdlider.pl\/index.php\/wp-json\/wp\/v2\/users\/1"}],"replies":[{"embeddable":true,"href":"https:\/\/zajazdlider.pl\/index.php\/wp-json\/wp\/v2\/comments?post=47"}],"version-history":[{"count":1,"href":"https:\/\/zajazdlider.pl\/index.php\/wp-json\/wp\/v2\/pages\/47\/revisions"}],"predecessor-version":[{"id":226,"href":"https:\/\/zajazdlider.pl\/index.php\/wp-json\/wp\/v2\/pages\/47\/revisions\/226"}],"wp:attachment":[{"href":"https:\/\/zajazdlider.pl\/index.php\/wp-json\/wp\/v2\/media?parent=47"}],"curies":[{"name":"wp","href":"https:\/\/api.w.org\/{rel}","templated":true}]}}