{"id":141,"date":"2019-01-29T21:07:38","date_gmt":"2019-01-29T20:07:38","guid":{"rendered":"https:\/\/zajazdlider.pl\/?page_id=141"},"modified":"2019-02-03T10:28:42","modified_gmt":"2019-02-03T09:28:42","slug":"atrakcje-w-okolicy","status":"publish","type":"page","link":"https:\/\/zajazdlider.pl\/index.php\/atrakcje-w-okolicy\/","title":{"rendered":"ATRAKCJE W OKOLICY"},"content":{"rendered":"<p>[et_pb_section bb_built=&#8221;1&#8243; fullwidth=&#8221;on&#8221; specialty=&#8221;off&#8221; next_background_color=&#8221;#000000&#8243; _builder_version=&#8221;3.19.7&#8243;][et_pb_fullwidth_header _builder_version=&#8221;3.19.7&#8243; title=&#8221;ATRAKCJE W OKOLICY&#8221; background_image=&#8221;https:\/\/zajazdlider.pl\/wp-content\/uploads\/2019\/01\/widokmolo.jpg&#8221; parallax=&#8221;on&#8221; text_orientation=&#8221;center&#8221; custom_button_one=&#8221;on&#8221; button_one_text_color=&#8221;#ffffff&#8221; button_one_bg_color=&#8221;#e5322d&#8221; button_one_border_color=&#8221;#e5322d&#8221; button_one_icon_color=&#8221;#ffffff&#8221; border_radii=&#8221;on|0px|0px|0px|0px&#8221; box_shadow_style_button_one=&#8221;preset2&#8243; header_fullscreen=&#8221;on&#8221; header_scroll_down=&#8221;on&#8221; scroll_down_icon_color=&#8221;#ffffff&#8221; title_font_size=&#8221;45px&#8221; \/][\/et_pb_section][et_pb_section bb_built=&#8221;1&#8243; prev_background_color=&#8221;#000000&#8243;][et_pb_row][et_pb_column type=&#8221;4_4&#8243;][et_pb_text _builder_version=&#8221;3.19.7&#8243;]<\/p>\n<h3 style=\"text-align: center;\">Z\u0142oty U\u0142an<\/h3>\n<p style=\"text-align: center;\"><b>PIERWSZY W POLSCE POZ\u0141ACANY POMNIK KU CZCI POLSKIEJ KAWALERII<\/b><\/p>\n<p>[\/et_pb_text][\/et_pb_column][\/et_pb_row][et_pb_row][et_pb_column type=&#8221;1_2&#8243;][et_pb_text _builder_version=&#8221;3.19.7&#8243;]<\/p>\n<div style=\"text-align: left;\"><span style=\"color: #000000;\"><b><span class=\"gmail-m_-2110596917700428558colour\">Z\u0142oty U\u0142an<\/span><\/b><span class=\"gmail-m_-2110596917700428558colour\">\u00a0\u2013\u00a0<\/span><a style=\"color: #000000;\" title=\"Pomnik konny\" href=\"https:\/\/pl.wikipedia.org\/wiki\/Pomnik_konny\" target=\"_blank\" rel=\"noopener\"><span class=\"gmail-m_-2110596917700428558colour\">pomnik konny<\/span><\/a><span class=\"gmail-m_-2110596917700428558colour\">\u00a0ods\u0142oni\u0119ty 13 wrze\u015bnia 2014 roku w\u00a0<\/span><a style=\"color: #000000;\" title=\"Ka\u0142uszyn\" href=\"https:\/\/pl.wikipedia.org\/wiki\/Ka%C5%82uszyn\" target=\"_blank\" rel=\"noopener\"><span class=\"gmail-m_-2110596917700428558colour\">Ka\u0142uszynie<\/span><\/a><span class=\"gmail-m_-2110596917700428558colour\">\u00a0(<\/span><a style=\"color: #000000;\" title=\"Wojew\u00f3dztwo mazowieckie\" href=\"https:\/\/pl.wikipedia.org\/wiki\/Wojew%C3%B3dztwo_mazowieckie\" target=\"_blank\" rel=\"noopener\"><span class=\"gmail-m_-2110596917700428558colour\">wojew\u00f3dztwo mazowieckie<\/span><\/a><span class=\"gmail-m_-2110596917700428558colour\">), z okazji 75. rocznicy\u00a0<\/span><a style=\"color: #000000;\" title=\"Bitwa pod Ka\u0142uszynem (1939)\" href=\"https:\/\/pl.wikipedia.org\/wiki\/Bitwa_pod_Ka%C5%82uszynem_(1939)\" target=\"_blank\" rel=\"noopener\"><span class=\"gmail-m_-2110596917700428558colour\">bitwy pod tym miastem<\/span><\/a><span class=\"gmail-m_-2110596917700428558colour\">\u00a0w 1939 r. Pomnik przedstawia siedz\u0105cego na\u00a0<\/span><a style=\"color: #000000;\" title=\"Ko\u0144\" href=\"https:\/\/pl.wikipedia.org\/wiki\/Ko%C5%84\" target=\"_blank\" rel=\"noopener\"><span class=\"gmail-m_-2110596917700428558colour\">koniu<\/span><\/a><span class=\"gmail-m_-2110596917700428558colour\">\u00a0<\/span><a style=\"color: #000000;\" title=\"U\u0142an\" href=\"https:\/\/pl.wikipedia.org\/wiki\/U%C5%82an\" target=\"_blank\" rel=\"noopener\"><span class=\"gmail-m_-2110596917700428558colour\">u\u0142ana<\/span><\/a><span class=\"gmail-m_-2110596917700428558colour\">\u00a0z wzniesion\u0105 do g\u00f3ry\u00a0<\/span><a style=\"color: #000000;\" title=\"Szabla\" href=\"https:\/\/pl.wikipedia.org\/wiki\/Szabla\" target=\"_blank\" rel=\"noopener\"><span class=\"gmail-m_-2110596917700428558colour\">szabl\u0105<\/span><\/a><span class=\"gmail-m_-2110596917700428558colour\">, b\u0119d\u0105c\u0105 sygna\u0142em do walki.<\/span><span class=\"gmail-m_-2110596917700428558colour\"><br \/><\/span><\/span><\/div>\n<p style=\"text-align: left;\"><span style=\"color: #000000;\"><span class=\"gmail-m_-2110596917700428558colour\">Inicjatorem i fundatorem tego jedynego w\u00a0<\/span><a style=\"color: #000000;\" title=\"Polska\" href=\"https:\/\/pl.wikipedia.org\/wiki\/Polska\" target=\"_blank\" rel=\"noopener\"><span class=\"gmail-m_-2110596917700428558colour\">Polsce<\/span><\/a><span class=\"gmail-m_-2110596917700428558colour\">\u00a0poz\u0142acanego pomnika jest\u00a0<\/span><a class=\"gmail-m_-2110596917700428558new\" style=\"color: #000000;\" title=\"Jan \u017byli\u0144ski (strona nie istnieje)\" href=\"https:\/\/pl.wikipedia.org\/w\/index.php?title=Jan_%C5%BByli%C5%84ski&amp;action=edit&amp;redlink=1\" target=\"_blank\" rel=\"noopener\"><span class=\"gmail-m_-2110596917700428558colour\">Jan \u017byli\u0144ski<\/span><\/a><span class=\"gmail-m_-2110596917700428558colour\">\u00a0\u2013 biznesmen mieszkaj\u0105cy w\u00a0<\/span><a style=\"color: #000000;\" title=\"Londyn\" href=\"https:\/\/pl.wikipedia.org\/wiki\/Londyn\" target=\"_blank\" rel=\"noopener\"><span class=\"gmail-m_-2110596917700428558colour\">Londynie<\/span><\/a><span class=\"gmail-m_-2110596917700428558colour\">, syn rotmistrza\u00a0<\/span><a class=\"gmail-m_-2110596917700428558new\" style=\"color: #000000;\" title=\"Andrzej \u017byli\u0144ski (strona nie istnieje)\" href=\"https:\/\/pl.wikipedia.org\/w\/index.php?title=Andrzej_%C5%BByli%C5%84ski&amp;action=edit&amp;redlink=1\" target=\"_blank\" rel=\"noopener\"><span class=\"gmail-m_-2110596917700428558colour\">Andrzeja \u017byli\u0144skiego<\/span><\/a><span class=\"gmail-m_-2110596917700428558colour\">, kt\u00f3ry 12 wrze\u015bnia 1939 roku wraz z\u00a0<\/span><a style=\"color: #000000;\" title=\"11 Pu\u0142k U\u0142an\u00f3w Legionowych\" href=\"https:\/\/pl.wikipedia.org\/wiki\/11_Pu%C5%82k_U%C5%82an%C3%B3w_Legionowych\" target=\"_blank\" rel=\"noopener\"><span class=\"gmail-m_-2110596917700428558colour\">11 Pu\u0142kiem U\u0142an\u00f3w Legionowych<\/span><\/a><span class=\"gmail-m_-2110596917700428558colour\">\u00a0rozpocz\u0105\u0142 zwyci\u0119sk\u0105 bitw\u0119 pod Ka\u0142uszynem. Figura zosta\u0142a zaprojektowana przez rze\u017abiarza\u00a0<\/span><a style=\"color: #000000;\" title=\"Robert Soboci\u0144ski\" href=\"https:\/\/pl.wikipedia.org\/wiki\/Robert_Soboci%C5%84ski\" target=\"_blank\" rel=\"noopener\"><span class=\"gmail-m_-2110596917700428558colour\">Roberta Soboci\u0144skiego<\/span><\/a><span class=\"gmail-m_-2110596917700428558colour\">. Odlew z poz\u0142acanego\u00a0<\/span><a style=\"color: #000000;\" title=\"Br\u0105zy\" href=\"https:\/\/pl.wikipedia.org\/wiki\/Br%C4%85zy\" target=\"_blank\" rel=\"noopener\"><span class=\"gmail-m_-2110596917700428558colour\">br\u0105zu<\/span><\/a><span class=\"gmail-m_-2110596917700428558colour\">\u00a0jest osadzony na\u00a0<\/span><a style=\"color: #000000;\" title=\"Cok\u00f3\u0142\" href=\"https:\/\/pl.wikipedia.org\/wiki\/Cok%C3%B3%C5%82\" target=\"_blank\" rel=\"noopener\"><span class=\"gmail-m_-2110596917700428558colour\">cokole<\/span><\/a><span class=\"gmail-m_-2110596917700428558colour\">\u00a0ob\u0142o\u017conym p\u0142ytami z czerwonego\u00a0<\/span><a style=\"color: #000000;\" title=\"Granit\" href=\"https:\/\/pl.wikipedia.org\/wiki\/Granit\" target=\"_blank\" rel=\"noopener\"><span class=\"gmail-m_-2110596917700428558colour\">granitu.<\/span><\/a><span class=\"gmail-m_-2110596917700428558colour\">\u00a0Pomnik ma 8 metr\u00f3w wysoko\u015bci i wa\u017cy 30 ton<\/span><\/span><\/p>\n<div style=\"text-align: left;\"><b><\/b><span style=\"color: #000000;\"><a style=\"color: #000000;\" title=\"link do strony\" href=\"http:\/\/www.xn--zotyuan-njbe.pl\/\" target=\"_blank\" rel=\"noopener\">http:\/\/www.z\u0142otyu\u0142an.pl<\/a><\/span><\/div>\n<p>[\/et_pb_text][\/et_pb_column][et_pb_column type=&#8221;1_2&#8243;][et_pb_image _builder_version=&#8221;3.19.7&#8243; src=&#8221;https:\/\/zajazdlider.pl\/wp-content\/uploads\/2019\/01\/Z\u0142oty_U\u0142an_w_Ka\u0142uszynie.jpg&#8221; custom_css_main_element=&#8221;-webkit-box-shadow: 10px 10px 5px 0px rgba(0,0,0,0.75);||-moz-box-shadow: 10px 10px 5px 0px rgba(0,0,0,0.75);||box-shadow: 10px 10px 5px 0px rgba(0,0,0,0.75);&#8221; max_width=&#8221;50%&#8221; \/][\/et_pb_column][\/et_pb_row][et_pb_row][et_pb_column type=&#8221;4_4&#8243;][et_pb_text _builder_version=&#8221;3.19.7&#8243;]<\/p>\n<h3 style=\"text-align: center;\">Zalew Karczunek<\/h3>\n<p style=\"text-align: center;\">\u00a0<\/p>\n<p>\u00a0<\/p>\n<p>[\/et_pb_text][\/et_pb_column][\/et_pb_row][et_pb_row][et_pb_column type=&#8221;1_2&#8243;][et_pb_text _builder_version=&#8221;3.19.7&#8243;]<\/p>\n<p><span style=\"color: #000000;\">Zalew Karczunek &#8211; Pla\u017ca przy zbiorniku retencyjnym powsta\u0142ym na miejscu dawnych pastwisk. Nad t\u0105 piaszczyst\u0105 pla\u017c\u0105 znajdziemy wyj\u0105tkowe molo zbudowane z modu\u0142\u00f3w Magic Float, kt\u00f3re wyznacza k\u0105pielisko dla dzieci. Opr\u00f3cz tego bezpo\u015brednio przy pla\u017cy znajduj\u0105 si\u0119 dwa boiska do pi\u0142ki pla\u017cowej, plac zabaw dla dzieci, toalety, przebieralnie oraz parking.<\/span><\/p>\n<p>[\/et_pb_text][\/et_pb_column][et_pb_column type=&#8221;1_2&#8243;][et_pb_image _builder_version=&#8221;3.19.7&#8243; src=&#8221;https:\/\/zajazdlider.pl\/wp-content\/uploads\/2019\/01\/widokmolo.jpg&#8221; custom_css_main_element=&#8221;-webkit-box-shadow: 10px 10px 5px 0px rgba(0,0,0,0.75);||-moz-box-shadow: 10px 10px 5px 0px rgba(0,0,0,0.75);||box-shadow: 10px 10px 5px 0px rgba(0,0,0,0.75);&#8221; max_width=&#8221;60%&#8221; \/][\/et_pb_column][\/et_pb_row][\/et_pb_section]<\/p>\n","protected":false},"excerpt":{"rendered":"<p><div class=\"et_pb_row et_pb_row_0 et_pb_row_empty\">\n\t\t\t\t\n\t\t\t\t\n\t\t\t\t\n\t\t\t\t\n\t\t\t\t\n\t\t\t<\/div> Z\u0142oty U\u0142anPIERWSZY W POLSCE POZ\u0141ACANY POMNIK KU CZCI POLSKIEJ KAWALERII <div class=\"et_pb_row et_pb_row_1 et_pb_row_empty\">\n\t\t\t\t\n\t\t\t\t\n\t\t\t\t\n\t\t\t\t\n\t\t\t\t\n\t\t\t<\/div> Z\u0142oty U\u0142an\u00a0\u2013\u00a0pomnik konny\u00a0ods\u0142oni\u0119ty 13 wrze\u015bnia 2014 roku w\u00a0Ka\u0142uszynie\u00a0(wojew\u00f3dztwo mazowieckie), z okazji 75. rocznicy\u00a0bitwy pod tym miastem\u00a0w 1939 r. Pomnik przedstawia siedz\u0105cego na\u00a0koniu\u00a0u\u0142ana\u00a0z wzniesion\u0105 do g\u00f3ry\u00a0szabl\u0105, b\u0119d\u0105c\u0105 sygna\u0142em do walki. Inicjatorem i fundatorem tego jedynego w\u00a0Polsce\u00a0poz\u0142acanego pomnika jest\u00a0Jan \u017byli\u0144ski\u00a0\u2013 biznesmen mieszkaj\u0105cy w\u00a0Londynie, syn rotmistrza\u00a0Andrzeja [&hellip;]<\/p>\n","protected":false},"author":1,"featured_media":0,"parent":0,"menu_order":0,"comment_status":"closed","ping_status":"closed","template":"","meta":{"_et_pb_use_builder":"on","_et_pb_old_content":"","_et_gb_content_width":"","footnotes":""},"class_list":["post-141","page","type-page","status-publish","hentry"],"_links":{"self":[{"href":"https:\/\/zajazdlider.pl\/index.php\/wp-json\/wp\/v2\/pages\/141"}],"collection":[{"href":"https:\/\/zajazdlider.pl\/index.php\/wp-json\/wp\/v2\/pages"}],"about":[{"href":"https:\/\/zajazdlider.pl\/index.php\/wp-json\/wp\/v2\/types\/page"}],"author":[{"embeddable":true,"href":"https:\/\/zajazdlider.pl\/index.php\/wp-json\/wp\/v2\/users\/1"}],"replies":[{"embeddable":true,"href":"https:\/\/zajazdlider.pl\/index.php\/wp-json\/wp\/v2\/comments?post=141"}],"version-history":[{"count":0,"href":"https:\/\/zajazdlider.pl\/index.php\/wp-json\/wp\/v2\/pages\/141\/revisions"}],"wp:attachment":[{"href":"https:\/\/zajazdlider.pl\/index.php\/wp-json\/wp\/v2\/media?parent=141"}],"curies":[{"name":"wp","href":"https:\/\/api.w.org\/{rel}","templated":true}]}}