{"id":108,"date":"2019-01-27T19:31:41","date_gmt":"2019-01-27T18:31:41","guid":{"rendered":"https:\/\/zajazdlider.pl\/?page_id=108"},"modified":"2024-04-11T12:31:00","modified_gmt":"2024-04-11T10:31:00","slug":"kontakt","status":"publish","type":"page","link":"https:\/\/zajazdlider.pl\/index.php\/kontakt\/","title":{"rendered":"KONTAKT"},"content":{"rendered":"<p>[et_pb_section fb_built=&#8221;1&#8243; fullwidth=&#8221;on&#8221; _builder_version=&#8221;4.16&#8243; global_colors_info=&#8221;{}&#8221;][et_pb_fullwidth_header title=&#8221;KONTAKT&#8221; text_orientation=&#8221;center&#8221; header_fullscreen=&#8221;on&#8221; header_scroll_down=&#8221;on&#8221; scroll_down_icon_color=&#8221;#ffffff&#8221; _builder_version=&#8221;4.16&#8243; title_font_size=&#8221;45px&#8221; background_image=&#8221;https:\/\/zajazdlider.pl\/wp-content\/uploads\/2019\/01\/iphone-410311_1280.jpg&#8221; parallax=&#8221;on&#8221; custom_button_one=&#8221;on&#8221; button_one_text_color=&#8221;#ffffff&#8221; button_one_bg_color=&#8221;#e5322d&#8221; button_one_border_color=&#8221;#e5322d&#8221; button_one_icon_color=&#8221;#ffffff&#8221; border_radii=&#8221;on|0px|0px|0px|0px&#8221; box_shadow_style_button_one=&#8221;preset2&#8243; global_colors_info=&#8221;{}&#8221;][\/et_pb_fullwidth_header][\/et_pb_section][et_pb_section fb_built=&#8221;1&#8243; admin_label=&#8221;Contact Us&#8221; _builder_version=&#8221;4.16&#8243; global_colors_info=&#8221;{}&#8221;][et_pb_row _builder_version=&#8221;4.16&#8243; global_colors_info=&#8221;{}&#8221; column_structure=&#8221;1_2,1_2&#8243;][et_pb_column type=&#8221;1_2&#8243; _builder_version=&#8221;4.16&#8243; custom_padding=&#8221;|||&#8221; global_colors_info=&#8221;{}&#8221; custom_padding__hover=&#8221;|||&#8221;][et_pb_text _builder_version=&#8221;4.16&#8243; text_font_size=&#8221;16px&#8221; text_line_height=&#8221;2em&#8221; header_2_font=&#8221;Abril Fatface||||||||&#8221; header_2_font_size=&#8221;50px&#8221; header_2_line_height=&#8221;1.2em&#8221; max_width=&#8221;600px&#8221; module_alignment=&#8221;center&#8221; header_2_font_size_tablet=&#8221;&#8221; header_2_font_size_phone=&#8221;32px&#8221; header_2_font_size_last_edited=&#8221;on|phone&#8221; locked=&#8221;off&#8221; global_colors_info=&#8221;{}&#8221;]<\/p>\n<h2>Wy\u015blij wiadomo\u015b\u0107<\/h2>\n<p>[\/et_pb_text][et_pb_contact_form captcha=&#8221;off&#8221; submit_button_text=&#8221;Wy\u015blij&#8221; module_id=&#8221;et_pb_contact_form_0&#8243; _builder_version=&#8221;4.16&#8243; _unique_id=&#8221;f71ba6d1-9bb3-4dfe-8de7-3d2891208b96&#8243; form_field_background_color=&#8221;#ffffff&#8221; form_field_font=&#8221;Cabin|||on|||||&#8221; form_field_font_size=&#8221;12px&#8221; form_field_letter_spacing=&#8221;3px&#8221; form_field_line_height=&#8221;2em&#8221; custom_button=&#8221;on&#8221; button_text_size=&#8221;16px&#8221; button_text_color=&#8221;#ffffff&#8221; button_bg_color=&#8221;#ff6d4a&#8221; button_border_width=&#8221;10px&#8221; button_border_color=&#8221;#ff6d4a&#8221; button_border_radius=&#8221;4px&#8221; button_letter_spacing=&#8221;3px&#8221; button_font=&#8221;Cabin|700||on|||||&#8221; animation_style=&#8221;slide&#8221; animation_direction=&#8221;left&#8221; animation_intensity_slide=&#8221;2%&#8221; border_radii=&#8221;on|4px|4px|4px|4px&#8221; border_width_all=&#8221;1px&#8221; border_color_all=&#8221;#e1e1e1&#8243; box_shadow_style_button=&#8221;preset3&#8243; box_shadow_vertical_button=&#8221;20px&#8221; box_shadow_blur_button=&#8221;40px&#8221; box_shadow_spread_button=&#8221;-7px&#8221; box_shadow_color_button=&#8221;rgba(255,109,74,0.5)&#8221; form_background_color=&#8221;#ffffff&#8221; global_colors_info=&#8221;{}&#8221;][et_pb_contact_field field_id=&#8221;Name&#8221; field_title=&#8221;Imi\u0119&#8221; fullwidth_field=&#8221;on&#8221; _builder_version=&#8221;3.19.7&#8243; form_field_font=&#8221;||||||||&#8221; global_colors_info=&#8221;{}&#8221;][\/et_pb_contact_field][et_pb_contact_field field_id=&#8221;your_email&#8221; field_title=&#8221;E-mail&#8221; field_type=&#8221;email&#8221; fullwidth_field=&#8221;on&#8221; _builder_version=&#8221;3.19.7&#8243; form_field_font=&#8221;||||||||&#8221; global_colors_info=&#8221;{}&#8221;][\/et_pb_contact_field][et_pb_contact_field field_id=&#8221;phone&#8221; field_title=&#8221;Numer telefonu&#8221; fullwidth_field=&#8221;on&#8221; _builder_version=&#8221;3.19.7&#8243; form_field_font=&#8221;||||||||&#8221; global_colors_info=&#8221;{}&#8221;][\/et_pb_contact_field][et_pb_contact_field field_id=&#8221;Message&#8221; field_title=&#8221;Wiadomo\u015b\u0107&#8221; field_type=&#8221;text&#8221; fullwidth_field=&#8221;on&#8221; _builder_version=&#8221;3.19.7&#8243; form_field_font=&#8221;||||||||&#8221; global_colors_info=&#8221;{}&#8221;][\/et_pb_contact_field][\/et_pb_contact_form][\/et_pb_column][et_pb_column type=&#8221;1_2&#8243; _builder_version=&#8221;4.16&#8243; custom_padding=&#8221;|||&#8221; global_colors_info=&#8221;{}&#8221; custom_padding__hover=&#8221;|||&#8221;][et_pb_text _builder_version=&#8221;4.24.3&#8243; text_font=&#8221;|700|||||||&#8221; text_text_color=&#8221;#e5322d&#8221; text_font_size=&#8221;40px&#8221; text_line_height=&#8221;1.8em&#8221; header_2_font=&#8221;Abril Fatface||||||||&#8221; header_2_font_size=&#8221;50px&#8221; header_2_line_height=&#8221;1.2em&#8221; max_width=&#8221;600px&#8221; module_alignment=&#8221;center&#8221; hover_enabled=&#8221;0&#8243; text_font_size_tablet=&#8221;&#8221; text_font_size_phone=&#8221;30px&#8221; text_font_size_last_edited=&#8221;on|phone&#8221; header_2_font_size_tablet=&#8221;&#8221; header_2_font_size_phone=&#8221;32px&#8221; header_2_font_size_last_edited=&#8221;on|phone&#8221; locked=&#8221;off&#8221; global_colors_info=&#8221;{}&#8221; sticky_enabled=&#8221;0&#8243;]<\/p>\n<h2>Zadzwo\u0144 do nas!<\/h2>\n<p>693 098 875<br \/>\n502 238 960[\/et_pb_text][et_pb_text _builder_version=&#8221;4.16&#8243; text_font_size=&#8221;16px&#8221; text_line_height=&#8221;1.8em&#8221; header_5_font=&#8221;|700|||||||&#8221; header_5_text_color=&#8221;#ff6d4a&#8221; header_5_line_height=&#8221;1.4em&#8221; global_colors_info=&#8221;{}&#8221;]<\/p>\n<h5>Godziny otwarcia sklepu:<\/h5>\n<p>od poniedzia\u0142ku do soboty 7:00 &#8211; 20:00<br \/>niedziela handlowa 7:00 &#8211; 20:00<br \/>niedziela niehandlowa 8:00 &#8211; 16:00<\/p>\n<p>[\/et_pb_text][et_pb_text _builder_version=&#8221;4.16&#8243; text_font_size=&#8221;16px&#8221; text_line_height=&#8221;1.8em&#8221; header_5_font=&#8221;|700|||||||&#8221; header_5_text_color=&#8221;#ff6d4a&#8221; header_5_line_height=&#8221;1.4em&#8221; global_colors_info=&#8221;{}&#8221;]<\/p>\n<h5>Adres<\/h5>\n<p>Ryczo\u0142ek &#8211; Parking<br \/>05 &#8211; 310 Ka\u0142uszyn<\/p>\n<p>[\/et_pb_text][et_pb_text _builder_version=&#8221;4.16&#8243; text_font_size=&#8221;16px&#8221; text_line_height=&#8221;1.8em&#8221; header_5_font=&#8221;|700|||||||&#8221; header_5_text_color=&#8221;#ff6d4a&#8221; header_5_line_height=&#8221;1.4em&#8221; global_colors_info=&#8221;{}&#8221;]<\/p>\n<h5>Zam\u00f3wienia i Rezerwacja pokoi<\/h5>\n<p>tel. 693 098 875<\/p>\n<p>[\/et_pb_text][et_pb_text _builder_version=&#8221;4.16&#8243; text_font_size=&#8221;16px&#8221; text_line_height=&#8221;1.8em&#8221; header_5_font=&#8221;|700|||||||&#8221; header_5_text_color=&#8221;#ff6d4a&#8221; header_5_line_height=&#8221;1.4em&#8221; global_colors_info=&#8221;{}&#8221;]<\/p>\n<h5>Grupy zorganizowane i zam\u00f3wienia niestandardowe<\/h5>\n<p>515 237 745<br \/>723 777 995<\/p>\n<p>[\/et_pb_text][et_pb_text _builder_version=&#8221;4.16&#8243; text_font_size=&#8221;16px&#8221; text_line_height=&#8221;1.8em&#8221; header_5_font=&#8221;|700|||||||&#8221; header_5_text_color=&#8221;#ff6d4a&#8221; header_5_line_height=&#8221;1.4em&#8221; global_colors_info=&#8221;{}&#8221;]<\/p>\n<h5>Email<\/h5>\n<p><a href=\"mailto:tir92@tlen.pl\">tir92@tlen.pl<\/a><\/p>\n<p>[\/et_pb_text][\/et_pb_column][\/et_pb_row][\/et_pb_section][et_pb_section fb_built=&#8221;1&#8243; fullwidth=&#8221;on&#8221; _builder_version=&#8221;4.16&#8243; global_colors_info=&#8221;{}&#8221;][et_pb_fullwidth_code _builder_version=&#8221;4.16&#8243; global_colors_info=&#8221;{}&#8221;]<iframe loading=\"lazy\" src=\"https:\/\/www.google.com\/maps\/embed?pb=!1m18!1m12!1m3!1d2445.5447701535486!2d21.756668715047038!3d52.19714696785863!2m3!1f0!2f0!3f0!3m2!1i1024!2i768!4f13.1!3m3!1m2!1s0x471f31aabdb48057%3A0x578fcdc12b69a1bf!2sZajazd+Lider+Bar+Sklep+Noclegi!5e0!3m2!1spl!2spl!4v1548614348424\" width=\"100%\" height=\"450\" frameborder=\"0\" style=\"border:0\" allowfullscreen><\/iframe>[\/et_pb_fullwidth_code][\/et_pb_section]<\/p>\n","protected":false},"excerpt":{"rendered":"<p>Wy\u015blij wiadomo\u015b\u0107 Zadzwo\u0144 do nas! 693 098 875 502 238 960Godziny otwarcia sklepu: od poniedzia\u0142ku do soboty 7:00 &#8211; 20:00niedziela handlowa 7:00 &#8211; 20:00niedziela niehandlowa 8:00 &#8211; 16:00 Adres Ryczo\u0142ek &#8211; Parking05 &#8211; 310 Ka\u0142uszyn Zam\u00f3wienia i Rezerwacja pokoi tel. 693 098 875 Grupy zorganizowane i zam\u00f3wienia niestandardowe515 237 745723 777 995 Email tir92@tlen.pl<\/p>\n","protected":false},"author":1,"featured_media":0,"parent":0,"menu_order":0,"comment_status":"closed","ping_status":"closed","template":"","meta":{"_et_pb_use_builder":"on","_et_pb_old_content":"","_et_gb_content_width":"","footnotes":""},"class_list":["post-108","page","type-page","status-publish","hentry"],"_links":{"self":[{"href":"https:\/\/zajazdlider.pl\/index.php\/wp-json\/wp\/v2\/pages\/108"}],"collection":[{"href":"https:\/\/zajazdlider.pl\/index.php\/wp-json\/wp\/v2\/pages"}],"about":[{"href":"https:\/\/zajazdlider.pl\/index.php\/wp-json\/wp\/v2\/types\/page"}],"author":[{"embeddable":true,"href":"https:\/\/zajazdlider.pl\/index.php\/wp-json\/wp\/v2\/users\/1"}],"replies":[{"embeddable":true,"href":"https:\/\/zajazdlider.pl\/index.php\/wp-json\/wp\/v2\/comments?post=108"}],"version-history":[{"count":1,"href":"https:\/\/zajazdlider.pl\/index.php\/wp-json\/wp\/v2\/pages\/108\/revisions"}],"predecessor-version":[{"id":229,"href":"https:\/\/zajazdlider.pl\/index.php\/wp-json\/wp\/v2\/pages\/108\/revisions\/229"}],"wp:attachment":[{"href":"https:\/\/zajazdlider.pl\/index.php\/wp-json\/wp\/v2\/media?parent=108"}],"curies":[{"name":"wp","href":"https:\/\/api.w.org\/{rel}","templated":true}]}}